{"id":79,"date":"2023-08-22T13:10:10","date_gmt":"2023-08-22T11:10:10","guid":{"rendered":"https:\/\/freundeskreis-charite.de\/en\/?page_id=79"},"modified":"2024-09-12T18:50:53","modified_gmt":"2024-09-12T16:50:53","slug":"privacy-policy","status":"publish","type":"page","link":"https:\/\/freundeskreis-charite.de\/en\/privacy-policy\/","title":{"rendered":"Privacy policy"},"content":{"rendered":"<p><div class=\"fusion-fullwidth fullwidth-box fusion-builder-row-1 fusion-flex-container has-pattern-background has-mask-background fusion-parallax-none nonhundred-percent-fullwidth non-hundred-percent-height-scrolling lazyload\" style=\"--awb-border-radius-top-left:0px;--awb-border-radius-top-right:0px;--awb-border-radius-bottom-right:0px;--awb-border-radius-bottom-left:0px;--awb-min-height:600px;--awb-background-size:cover;--awb-flex-wrap:wrap;\" data-bg=\"https:\/\/freundeskreis-charite.de\/en\/wp-content\/uploads\/2024\/08\/ID13144.jpg\" ><div class=\"fusion-builder-row fusion-row fusion-flex-align-items-flex-start fusion-flex-content-wrap\" style=\"max-width:1383.2px;margin-left: calc(-4% \/ 2 );margin-right: calc(-4% \/ 2 );\"><div class=\"fusion-layout-column fusion_builder_column fusion-builder-column-0 fusion_builder_column_1_2 1_2 fusion-flex-column fusion-flex-align-self-flex-end fusion-animated\" style=\"--awb-padding-top:20px;--awb-padding-right:20px;--awb-padding-bottom:20px;--awb-padding-left:20px;--awb-bg-color:rgba(39,91,167,0.65);--awb-bg-color-hover:rgba(39,91,167,0.65);--awb-bg-size:cover;--awb-width-large:50%;--awb-margin-top-large:0px;--awb-spacing-right-large:3.84%;--awb-margin-bottom-large:63px;--awb-spacing-left-large:3.84%;--awb-width-medium:50%;--awb-order-medium:0;--awb-spacing-right-medium:3.84%;--awb-spacing-left-medium:3.84%;--awb-width-small:100%;--awb-order-small:0;--awb-spacing-right-small:1.92%;--awb-spacing-left-small:1.92%;\" data-animationType=\"fadeInUp\" data-animationDuration=\"1.0\" data-animationOffset=\"top-into-view\" data-scroll-devices=\"small-visibility,medium-visibility,large-visibility\"><div class=\"fusion-column-wrapper fusion-column-has-shadow fusion-flex-justify-content-flex-start fusion-content-layout-column\"><div class=\"fusion-text fusion-text-1\" style=\"--awb-text-font-family:&quot;head&quot;;--awb-text-font-style:normal;--awb-text-font-weight:400;\"><p><strong><span style=\"color: #808080;\"><span style=\"font-size: 41px; color: #ffffff;\" data-fusion-font=\"true\"><span style=\"font-size: 40px; line-height: 52px;\" data-fusion-font=\"true\">Datenschutz<\/span><\/span><\/span><\/strong><\/p>\n<\/div><\/div><\/div><\/div><\/div><div class=\"fusion-fullwidth fullwidth-box fusion-builder-row-2 fusion-flex-container has-pattern-background has-mask-background nonhundred-percent-fullwidth non-hundred-percent-height-scrolling\" style=\"--awb-border-radius-top-left:0px;--awb-border-radius-top-right:0px;--awb-border-radius-bottom-right:0px;--awb-border-radius-bottom-left:0px;--awb-flex-wrap:wrap;\" ><div class=\"fusion-builder-row fusion-row fusion-flex-align-items-flex-start fusion-flex-content-wrap\" style=\"max-width:1383.2px;margin-left: calc(-4% \/ 2 );margin-right: calc(-4% \/ 2 );\"><div class=\"fusion-layout-column fusion_builder_column fusion-builder-column-1 fusion_builder_column_1_1 1_1 fusion-flex-column\" style=\"--awb-bg-size:cover;--awb-width-large:100%;--awb-margin-top-large:80px;--awb-spacing-right-large:1.92%;--awb-margin-bottom-large:90px;--awb-spacing-left-large:1.92%;--awb-width-medium:100%;--awb-order-medium:0;--awb-spacing-right-medium:1.92%;--awb-spacing-left-medium:1.92%;--awb-width-small:100%;--awb-order-small:0;--awb-spacing-right-small:1.92%;--awb-spacing-left-small:1.92%;\" data-scroll-devices=\"small-visibility,medium-visibility,large-visibility\"><div class=\"fusion-column-wrapper fusion-column-has-shadow fusion-flex-justify-content-flex-start fusion-content-layout-column\"><div class=\"fusion-text fusion-text-2\"><p>Im Folgenden informieren wir Sie \u00fcber die Verarbeitung Ihrer personenbezogenen Daten durch unsere Internetseite https:\/\/www.freundeskreis-charite.de (im Folgenden: \u201cWebsite\u201d).<\/p>\n<p>Verantwortlich f\u00fcr die Verarbeitung Ihrer personenbezogenen Daten im Zusammenhang mit dieser Website ist der Freundeskreis der Charit\u00e9 e.V., Charit\u00e9platz 1, 10117 Berlin.<\/p>\n<p><strong>Kategorien personenbezogener Daten und Zwecke ihrer Verarbeitung<\/strong><\/p>\n<p>Wenn Sie auf unsere Website zugreifen, werden automatisch mittels eines Cookies Informationen allgemeiner Natur erfasst. Diese Informationen (Server-Logfiles) beinhalten etwa<\/p>\n<ul>\n<li>die Art des Webbrowsers,<\/li>\n<li>das verwendete Betriebssystem,<\/li>\n<li>Informationen zu ihrem Endger\u00e4t,<\/li>\n<li>Informationen zum Verhalten auf unserer Website (was angeklickt wird),<\/li>\n<li>IP-Adresse und den Domainnamen Ihres Internet-Service-Providers und \u00c4hnliches.<\/li>\n<li>Hierbei handelt es sich ausschlie\u00dflich um Informationen, welche keine R\u00fcckschl\u00fcsse auf Ihre Person zulassen.<\/li>\n<\/ul>\n<p>Diese vorstehend genannten Informationen sind technisch notwendig, um von Ihnen angeforderte Inhalte von Webseiten korrekt auszuliefern und fallen bei Nutzung des Internets zwingend an. Sie werden insbesondere zu folgenden Zwecken verarbeitet:<\/p>\n<ul>\n<li>Sicherstellung eines problemlosen Verbindungsaufbaus der Website,<\/li>\n<li>Sicherstellung einer reibungslosen Nutzung unserer Website,<\/li>\n<li>Auswertung der Systemsicherheit und -stabilit\u00e4t sowie<\/li>\n<li>zu weiteren administrativen Zwecken.<\/li>\n<\/ul>\n<p>Die Verarbeitung Ihrer personenbezogenen Daten basiert auf unserem berechtigten Interesse (Art. 6 Absatz 1, lit. f)) aus den vorgenannten Zwecken zur Datenerhebung. Wir verwenden Ihre Daten grunds\u00e4tzlich nicht, um R\u00fcckschl\u00fcsse auf Ihre Person zu ziehen.<\/p>\n<p>Anonymisierte Informationen dieser Art werden von uns ggfs. statistisch ausgewertet, um unseren Internetauftritt und die dahinterstehende Technik zu optimieren.<\/p>\n<p>Zur Erhebung dieser Daten verwenden wir Ihre IP-Adresse und Cookies:<\/p>\n<ul>\n<li>IP-Adresse: Ihre Internetprotokoll-(IP)Adresse ist eine identifizierende Kennzahl, die Ihrem Rechner automatisch durch den Internet-Service-Provider (ISP) zugeordnet wird. Die IP-Adresse wird identifiziert und jedes Mal, wenn Sie die Website besuchen, automatisch in unsere Server-Log-Dateien mit Angabe der Zeit(en) Ihres Besuches\/Ihrer Besuche und der Seite(n), die Sie besucht haben, eingeloggt. Wir benutzen die IP-Adressen aller Besucher, um die Website-Nutzungswerte zu errechnen, Probleme im Zusammenhang mit den Servern der Website zu erkennen und die Website zu verwalten. Wir k\u00f6nnen auch IP-Adressen benutzen, um zu kommunizieren oder den Besuchern den Zugriff zu sperren, wenn diese sich nicht an unsere Nutzungsbedingungen halten. Das Erfassen von IP-Adressen ist eine Standardpraxis im Internet und wird von vielen Webseiten automatisch durchgef\u00fchrt.<\/li>\n<li>Cookies: Cookies sind Daten, die ein Internetserver auf einen einzelnen Rechner zum Zwecke der Dokumentation \u00fcbertr\u00e4gt. Cookies sind ein Industriestandard, der von den meisten Webseiten verwendet wird und vereinfachen den laufenden Zugriff durch den Nutzer und die Benutzung einer bestimmten Website. Cookies richten keinen Schaden in Ihren Rechnersystemen oder Dateien an und nur die Website, die einen bestimmten Cookie \u00fcbertragen hat, kann diesen Cookie auslesen, ab\u00e4ndern oder l\u00f6schen. Falls Sie nicht m\u00f6chten, dass Informationen \u00fcber die Nutzung von Cookies gesammelt werden, gibt es in den meisten Browsern einfache Verfahren, die es Ihnen erm\u00f6glichen, bestehende Cookies zu l\u00f6schen, Cookies automatisch abzulehnen oder die Option zu erhalten, die \u00dcbertragung bestimmter Cookies auf Ihren Rechner abzulehnen oder anzunehmen. Sie finden auf unserer website auch ein Cookie-Dashboard, \u00fcber das sie das Setzen von Cookies direkt beeinflussen k\u00f6nnen. Sie sollten jedoch zur Kenntnis nehmen, dass die Ablehnung von Cookies es schwierig oder unm\u00f6glich macht, bestimmte Teile der Website zu nutzen.<\/li>\n<li>Verwendung von Google Analytics: Diese Website benutzt Google Analytics, einen Webanalysedienst der Google Inc. (folgend: Google). Google Analytics verwendet sog. \u201eCookies\u201c, also Textdateien, die auf Ihrem Computer gespeichert werden und die eine Analyse der Benutzung der Webseite durch Sie erm\u00f6glichen. Die durch das Cookie erzeugten Informationen \u00fcber Ihre Benutzung dieser Webseite werden in der Regel an einen Server von Google in den USA \u00fcbertragen und dort gespeichert. Aufgrund der Aktivierung der IP-Anonymisierung auf diesen Webseiten, wird Ihre IP-Adresse von Google jedoch innerhalb von Mitgliedstaaten der Europ\u00e4ischen Union oder in anderen Vertragsstaaten des Abkommens \u00fcber den Europ\u00e4ischen Wirtschaftsraum zuvor gek\u00fcrzt. Nur in Ausnahmef\u00e4llen wird die volle IP-Adresse an einen Server von Google in den USA \u00fcbertragen und dort gek\u00fcrzt. Im Auftrag des Betreibers dieser Website wird Google diese Informationen benutzen, um Ihre Nutzung der Webseite auszuwerten, um Reports \u00fcber die Webseitenaktivit\u00e4ten zusammenzustellen und um weitere mit der Websitenutzung und der Internetnutzung verbundene Dienstleistungen gegen\u00fcber dem Webseitenbetreiber zu erbringen. Die im Rahmen von Google Analytics von Ihrem Browser \u00fcbermittelte IP-Adresse wird nicht mit anderen Daten von Google zusammengef\u00fchrt.<\/li>\n<\/ul>\n<p>Die Zwecke der Datenverarbeitung liegen in der Auswertung der Nutzung der Website und in der Zusammenstellung von Reports \u00fcber Aktivit\u00e4ten auf der Website. Auf Grundlage der Nutzung der Website und des Internets sollen dann weitere verbundene Dienstleistungen erbracht werden. Die Verarbeitung beruht auf dem berechtigten Interesse des Webseitenbetreibers.<\/p>\n<p>Sie k\u00f6nnen die Speicherung der Cookies durch eine entsprechende Einstellung Ihrer Browser-Software verhindern; wir weisen Sie jedoch darauf hin, dass Sie in diesem Fall gegebenenfalls nicht s\u00e4mtliche Funktionen dieser Website vollumf\u00e4nglich werden nutzen k\u00f6nnen. Sie k\u00f6nnen dar\u00fcber hinaus die Erfassung der durch das Cookie erzeugten und auf Ihre Nutzung der Webseite bezogenen Daten (inkl. Ihrer IP-Adresse) an Google sowie die Verarbeitung dieser Daten durch Google verhindern, indem sie das unter dem folgenden Link verf\u00fcgbare Browser-Plugin herunterladen und installieren: <a href=\"http:\/\/tools.google.com\/dlpage\/gaoptout?hl=de\">Browser Add On zur Deaktivierung von Google Analytics<\/a>.<\/p>\n<p>Zus\u00e4tzlich oder als Alternative zum Browser-Add-On k\u00f6nnen Sie das Tracking durch Google Analytics auf unseren Seiten unterbinden, indem Sie <a href=\"https:\/\/www.activemind.de\/datenschutz\/datenschutzhinweis-generator\/ergebnis\/\">diesen Link anklicken<\/a>. Dabei wird ein Opt-Out-Cookie auf Ihrem Ger\u00e4t installiert. Damit wird die Erfassung durch Google Analytics f\u00fcr diese Website und f\u00fcr diesen Browser zuk\u00fcnftig verhindert, so lange das Cookie in Ihrem Browser installiert bleibt.<\/p>\n<p><strong>Besondere Funktionalit\u00e4ten der Website<\/strong><\/p>\n<p>Wir bieten auf unserer Website unter der Rubrik \u201eKontaktaufnahme\u201c die M\u00f6glichkeit an, uns \u00fcber ein Kontaktformular eine Nachricht zukommen zu lassen. Hierbei werden unsererseits zus\u00e4tzlich zu den unter 1. genannten Daten folgende personenbezogenen Daten verarbeitet werden:<\/p>\n<ul>\n<li>Vor- und Nachname<\/li>\n<li>E-Mail-Adresse<\/li>\n<li>Zeitpunkt der Nachricht<\/li>\n<li>Inhalt der Nachricht, die sie uns zukommen lassen.<\/li>\n<\/ul>\n<p>Dies Erhebung dieser Daten erfolgt ebenfalls, sollten Sie die M\u00f6glichkeit nutzen, uns direkt \u00fcber die angegebenen E-Mail-Adresse oder telefonisch zu kontaktieren.<\/p>\n<p>Wir verwenden Ihre von Ihnen zur Verf\u00fcgung gestellten personenbezogenen Daten, um auf Ihre Fragen, Anregungen und Produktreklamationen zu reagieren.<\/p>\n<p>Eine Weiterleitung Ihrer Anfrage an Dritte erfolgt grunds\u00e4tzlich nicht.<\/p>\n<p>Ihre Anfrage wird bei uns so lange gespeichert, bis ihre Aufbewahrung nicht mehr notwendig ist, weil bspw. ihre Anfrage beantwortet wurde. Sp\u00e4testens 6 Monate nach abschlie\u00dfender Beantwortung ihrer Anfrage wird sie gel\u00f6scht.<\/p>\n<p>Die Verarbeitung Ihrer personenbezogenen Daten basiert auf unserem berechtigten Interesse (Art. 6 Absatz 1, lit. f)), die Daten zur Beantwortung von an uns gerichtete Anfragen zu nutzen.<\/p>\n<p><strong>Empf\u00e4nger ihrer Daten<\/strong><\/p>\n<p>Empf\u00e4nger der Daten sind nur die verantwortliche Stelle und ggf. Auftragsverarbeiter.<\/p>\n<p>Um unseren Service zur Verf\u00fcgung stellen zu k\u00f6nnen, arbeiten wir mit Auftragsverarbeitern zusammen (IT-Dienstleistungen, wie Hosting der Website), die ihren Sitz ausschlie\u00dflich innerhalb Deutschlands haben. Wir d\u00fcrfen Ihre personenbezogenen Informationen mit diesen Dritten teilen, damit diese in die Lage versetzt werden, die entsprechenden Serviceleistungen zu erbringen.<\/p>\n<p>Schlie\u00dflich d\u00fcrfen wir Ihre personenbezogenen Informationen offenlegen, wenn wir davon ausgehen, dass wir dazu verpflichtet sind: (i) von Rechts wegen; (ii) um rechtliche Verfahren oder Regierungsanfragen einzuhalten; (iii) unsere Nutzungsbedingungen durchzusetzen; (iv) unsere operative T\u00e4tigkeit zu sch\u00fctzen; (v) die Rechte, den Datenschutz, die Sicherheit oder das Eigentum des Freundeskreises der Charit\u00e9, von Ihnen oder anderen sicherzustellen und (vi) uns in die Lage zu versetzen, verf\u00fcgbare Rechtsmittel einzusetzen oder die Sch\u00e4den, die uns entstehen k\u00f6nnen, einzuschr\u00e4nken.<\/p>\n<p><strong>SSL-Verschl\u00fcsselung<\/strong><\/p>\n<p>Um die Sicherheit Ihrer Daten bei der \u00dcbertragung zu sch\u00fctzen, verwenden wir dem aktuellen Stand der Technik entsprechende Verschl\u00fcsselungsverfahren (z. B. SSL) \u00fcber HTTPS.<\/p>\n<p><strong>Webseiten Dritter<\/strong><\/p>\n<p>Diese Website kann Links zu Webseiten Dritter enthalten. Diese verlinkten Seiten sind nicht unter der Kontrolle des Freundeskreises der Charit\u00e9 und wir sind nicht verantwortlich f\u00fcr die Datenschutzpraktiken oder die Inhalte dieser verlinkten Websites oder irgendeines Links auf einer verlinkten Website. Wir stellen diese Links aus Gr\u00fcnden der Zweckdienlichkeit zur Verf\u00fcgung und die Aufnahme eines Links auf der Website bedeutet nicht zwingend, dass der Freundeskreis der Charit\u00e9 die verlinkte Website bef\u00fcrwortet. Wenn Sie Zahlungsinformationen oder sonstige personenbezogene Daten \u00fcber eine solche Website Dritter bereitstellen, erfolgt die entsprechende Transaktion auf der Website des Dritten (nicht auf unserer Website) und die personenbezogenen Informationen, die Sie bereitstellen, werden dann in \u00dcbereinstimmung mit der Datenschutzerkl\u00e4rung dieses Dritten erfasst und kontrolliert. Es ist wichtig, dass Sie sich \u00fcber die Datenschutzerkl\u00e4rung und die Datenschutzpraktiken dieser Dritten informieren.<\/p>\n<p>In einigen F\u00e4llen k\u00f6nnen wir einen dritten Zahlungsdienst einsetzen, um beispielsweise Spenden, die \u00fcber diese Seiten vorgenommen werden, entgegenzunehmen. In diesen F\u00e4llen werden Ihre personenbezogenen Daten durch diesen Dritten und nicht durch uns erfasst werden und unterliegen der Datenschutzerkl\u00e4rung des Dritten, statt dieser Datenschutzerkl\u00e4rung. Wir haben keine Kontrolle \u00fcber die Verwendung oder Offenlegung Ihrer personenbezogenen Daten durch diese Dritten und sind nicht daf\u00fcr verantwortlich, diese Dritten oder Webseiten werden nicht von uns unterst\u00fctzt. Wir machen keine Zusicherungen in Bezug auf die Richtigkeit, Vollst\u00e4ndigkeit, Rechtzeitigkeit und Angemessenheit von Informationen in den Datenschutzerkl\u00e4rungen dieser Dritten und bitten Sie daher darum, die Datenschutzerkl\u00e4rungen auf Webseiten Dritter sorgf\u00e4ltig zu lesen, bevor Sie diese nutzen.<\/p>\n<p>Diese Website verwendet zudem Programme (Plug-ins) des (sozialen) Netzwerkes\u00a0 Facebook. Das Plug-in ist durch ein entsprechendes Logo oder den Zusatz \u201eGef\u00e4llt mir\u201d (Facebook) kenntlich gemacht. Beim Besuch von Webseiten, die in derartiges Plug-in beinhalten, stellt Ihr Browser eine direkte Verbindung mit den Servern der genannten Netzwerke her, wodurch wiederum der Inhalt des Plug-ins an Ihren Browser \u00fcbermittelt und von diesem in die Website eingebunden wird. Hierdurch wird die Information, dass Sie unsere Webseite besucht haben, an das Netzwerk weitergeleitet. Durch Anklicken des \u201eGef\u00e4llt mir\u201c-Buttons werden diese Informationen direkt an Facebook \u00fcbermittelt und dort gespeichert.<\/p>\n<p>Zweck und Umfang der Datenerhebung und die weitere Verarbeitung und Nutzung der Daten durch Facebook sowie Ihre diesbez\u00fcglichen Rechte und Einstellungsm\u00f6glichkeiten zum Schutz Ihrer Privatsph\u00e4re entnehmen Sie bitte den Datenschutzhinweisen von Facebook.<\/p>\n<p><strong>L\u00f6schung bzw. Sperrung der Daten<\/strong><\/p>\n<p>Wir halten uns an die Grunds\u00e4tze der Datenvermeidung und Datensparsamkeit. Wir speichern Ihre personenbezogenen Daten daher nur so lange, wie dies zur Erreichung der hier genannten Zwecke erforderlich ist oder wie es die vom Gesetzgeber vorgesehenen vielf\u00e4ltigen Speicherfristen vorsehen. Nach Fortfall des jeweiligen Zweckes bzw. Ablauf dieser Fristen werden die entsprechenden Daten routinem\u00e4\u00dfig und entsprechend den gesetzlichen Vorschriften gesperrt oder gel\u00f6scht.<\/p>\n<p><strong>Betroffenenrechte und Kontaktaufnahme mit uns<\/strong><\/p>\n<p>Sie haben uns gegen\u00fcber das Recht, Auskunft dar\u00fcber zu erhalten, welche Daten wir zu Ihrer Person gespeichert haben. Sollten Ihre bei uns gespeicherten Daten unrichtig sein, k\u00f6nnen Sie die Berichtigung und ggf. auch die L\u00f6schung Ihrer Daten verlangen. Au\u00dferdem k\u00f6nnen Sie ggf. verlangen, dass diese Daten nur noch eingeschr\u00e4nkt verarbeitet werden d\u00fcrfen werden und damit eine weitere Verarbeitung von uns nur mit Ihrer Einwilligung vorgenommen werden darf. Auch haben Sie das Recht, jederzeit gegen die weitere Verarbeitung Ihrer Daten Widerspruch einzulegen. Des Weiteren steht Ihnen ein Recht auf Daten\u00fcbertragbarkeit zu, sofern Sie in die Datenverarbeitung eingewilligt haben oder einen Vertrag mit uns abgeschlossen haben. Sofern Sie uns eine Einwilligung erteilt haben, k\u00f6nnen Sie diese jederzeit mit Wirkung f\u00fcr die Zukunft widerrufen.<\/p>\n<p>Zur Wahrnehmung Ihrer vorstehenden Rechte k\u00f6nnen Sie sich wie folgt an uns wenden.<\/p>\n<p>a) Sie k\u00f6nnen uns eine E-Mail an die folgende Anschrift senden: mail@freundeskreis-charite.de<\/p>\n<p>b) Sie k\u00f6nnen uns anrufen unter der Nummer: +49 30 31807784<\/p>\n<p>c) Sie k\u00f6nnen uns ein Schreiben an die folgende Postanschrift \u00fcbersenden:<\/p>\n<p>Freundeskreis der Charit\u00e9 e.V.<\/p>\n<p>Charit\u00e9platz 1<\/p>\n<p>10117 Berlin<\/p>\n<p>d) Bitte geben Sie die Informationen, die Sie pr\u00fcfen oder \u00e4ndern m\u00f6chten, deutlich an. Wir werden uns bem\u00fchen, Ihrem Wunsch so schnell wie m\u00f6glich nachzukommen.<\/p>\n<p>e) Sie haben weiterhin das Recht auf Beschwerde bei einer Aufsichtsbeh\u00f6rde, wenn Sie der Ansicht sind, dass die Verarbeitung der Sie betreffenden personenbezogenen Daten gegen die Bestimmungen der ab dem 25. Mai 2018 anzuwendenden Datenschutzgrundverordnung bzw. gegen das BDSG-neu verst\u00f6\u00dft.<\/p>\n<p><strong>\u00c4nderungen dieser Erkl\u00e4rung<\/strong><\/p>\n<p>Wir behalten uns vor, diese Datenschutzerkl\u00e4rung anzupassen, damit sie stets den aktuellen rechtlichen Anforderungen entspricht oder um \u00c4nderungen unserer Leistungen in der Datenschutzerkl\u00e4rung umzusetzen, z.B. bei der Einf\u00fchrung neuer Services. F\u00fcr Ihren erneuten Besuch gilt dann die neue Datenschutzerkl\u00e4rung. Sie k\u00f6nnen feststellen, wann diese Erkl\u00e4rung zuletzt abge\u00e4ndert wurde, indem Sie Angabe \u201cZuletzt aktualisiert\u201d. Alle \u00c4nderungen in Bezug auf unsere Erkl\u00e4rung gelten ab dem Posten der ge\u00e4nderten Erkl\u00e4rung im Internet mit entsprechendem Zugriff \u00fcber die Website. Die Nutzung der Website im Anschluss an diese \u00c4nderungen bedeutet Ihre Annahme der ge\u00e4nderten Erkl\u00e4rung, die dann wirksam ist. Wir bitten Sie, diese Seite als Bookmark zu markieren und sie regelm\u00e4\u00dfig zu \u00fcberpr\u00fcfen, damit Sie wissen, welche die neueste Version unserer Erkl\u00e4rung ist.<\/p>\n<p>Zuletzt aktualisiert: 11.09.2018<\/p>\n<\/div><\/div><\/div><\/div><\/div><\/p>\n","protected":false},"excerpt":{"rendered":"","protected":false},"author":1,"featured_media":0,"parent":0,"menu_order":0,"comment_status":"closed","ping_status":"closed","template":"100-width.php","meta":{"footnotes":""},"class_list":["post-79","page","type-page","status-publish","hentry"],"_links":{"self":[{"href":"https:\/\/freundeskreis-charite.de\/en\/wp-json\/wp\/v2\/pages\/79","targetHints":{"allow":["GET"]}}],"collection":[{"href":"https:\/\/freundeskreis-charite.de\/en\/wp-json\/wp\/v2\/pages"}],"about":[{"href":"https:\/\/freundeskreis-charite.de\/en\/wp-json\/wp\/v2\/types\/page"}],"author":[{"embeddable":true,"href":"https:\/\/freundeskreis-charite.de\/en\/wp-json\/wp\/v2\/users\/1"}],"replies":[{"embeddable":true,"href":"https:\/\/freundeskreis-charite.de\/en\/wp-json\/wp\/v2\/comments?post=79"}],"version-history":[{"count":10,"href":"https:\/\/freundeskreis-charite.de\/en\/wp-json\/wp\/v2\/pages\/79\/revisions"}],"predecessor-version":[{"id":627,"href":"https:\/\/freundeskreis-charite.de\/en\/wp-json\/wp\/v2\/pages\/79\/revisions\/627"}],"wp:attachment":[{"href":"https:\/\/freundeskreis-charite.de\/en\/wp-json\/wp\/v2\/media?parent=79"}],"curies":[{"name":"wp","href":"https:\/\/api.w.org\/{rel}","templated":true}]}}