{"id":73,"date":"2023-08-22T13:09:32","date_gmt":"2023-08-22T11:09:32","guid":{"rendered":"https:\/\/freundeskreis-charite.de\/en\/?page_id=73"},"modified":"2024-09-12T18:51:00","modified_gmt":"2024-09-12T16:51:00","slug":"imprint","status":"publish","type":"page","link":"https:\/\/freundeskreis-charite.de\/en\/imprint\/","title":{"rendered":"Imprint"},"content":{"rendered":"<p><div class=\"fusion-fullwidth fullwidth-box fusion-builder-row-1 fusion-flex-container has-pattern-background has-mask-background fusion-parallax-none nonhundred-percent-fullwidth non-hundred-percent-height-scrolling lazyload\" style=\"--awb-border-radius-top-left:0px;--awb-border-radius-top-right:0px;--awb-border-radius-bottom-right:0px;--awb-border-radius-bottom-left:0px;--awb-min-height:600px;--awb-background-size:cover;--awb-flex-wrap:wrap;\" data-bg=\"https:\/\/freundeskreis-charite.de\/en\/wp-content\/uploads\/2024\/08\/ID13144.jpg\" ><div class=\"fusion-builder-row fusion-row fusion-flex-align-items-flex-start fusion-flex-content-wrap\" style=\"max-width:1383.2px;margin-left: calc(-4% \/ 2 );margin-right: calc(-4% \/ 2 );\"><div class=\"fusion-layout-column fusion_builder_column fusion-builder-column-0 fusion_builder_column_1_2 1_2 fusion-flex-column fusion-flex-align-self-flex-end fusion-animated\" style=\"--awb-padding-top:20px;--awb-padding-right:20px;--awb-padding-bottom:20px;--awb-padding-left:20px;--awb-bg-color:rgba(39,91,167,0.65);--awb-bg-color-hover:rgba(39,91,167,0.65);--awb-bg-size:cover;--awb-width-large:50%;--awb-margin-top-large:0px;--awb-spacing-right-large:3.84%;--awb-margin-bottom-large:63px;--awb-spacing-left-large:3.84%;--awb-width-medium:50%;--awb-order-medium:0;--awb-spacing-right-medium:3.84%;--awb-spacing-left-medium:3.84%;--awb-width-small:100%;--awb-order-small:0;--awb-spacing-right-small:1.92%;--awb-spacing-left-small:1.92%;\" data-animationType=\"fadeInUp\" data-animationDuration=\"1.0\" data-animationOffset=\"top-into-view\" data-scroll-devices=\"small-visibility,medium-visibility,large-visibility\"><div class=\"fusion-column-wrapper fusion-column-has-shadow fusion-flex-justify-content-flex-start fusion-content-layout-column\"><div class=\"fusion-text fusion-text-1\" style=\"--awb-text-font-family:&quot;head&quot;;--awb-text-font-style:normal;--awb-text-font-weight:400;\"><p><strong><span style=\"color: #808080;\"><span style=\"font-size: 41px; color: #ffffff;\" data-fusion-font=\"true\"><span style=\"font-size: 40px; line-height: 52px;\" data-fusion-font=\"true\">Impressum<\/span><\/span><\/span><\/strong><\/p>\n<\/div><\/div><\/div><\/div><\/div><div class=\"fusion-fullwidth fullwidth-box fusion-builder-row-2 fusion-flex-container has-pattern-background has-mask-background nonhundred-percent-fullwidth non-hundred-percent-height-scrolling\" style=\"--awb-border-radius-top-left:0px;--awb-border-radius-top-right:0px;--awb-border-radius-bottom-right:0px;--awb-border-radius-bottom-left:0px;--awb-flex-wrap:wrap;\" ><div class=\"fusion-builder-row fusion-row fusion-flex-align-items-flex-start fusion-flex-content-wrap\" style=\"max-width:1383.2px;margin-left: calc(-4% \/ 2 );margin-right: calc(-4% \/ 2 );\"><div class=\"fusion-layout-column fusion_builder_column fusion-builder-column-1 fusion_builder_column_1_1 1_1 fusion-flex-column\" style=\"--awb-bg-size:cover;--awb-width-large:100%;--awb-margin-top-large:80px;--awb-spacing-right-large:1.92%;--awb-margin-bottom-large:90px;--awb-spacing-left-large:1.92%;--awb-width-medium:100%;--awb-order-medium:0;--awb-spacing-right-medium:1.92%;--awb-spacing-left-medium:1.92%;--awb-width-small:100%;--awb-order-small:0;--awb-spacing-right-small:1.92%;--awb-spacing-left-small:1.92%;\" data-scroll-devices=\"small-visibility,medium-visibility,large-visibility\"><div class=\"fusion-column-wrapper fusion-column-has-shadow fusion-flex-justify-content-flex-start fusion-content-layout-column\"><div class=\"fusion-text fusion-text-2\"><p><strong>Freundeskreis der Charit\u00e9 e.V.<br \/>Charit\u00e9platz 1<br \/>10117 Berlin<\/strong><\/p>\n<p>+49 30 23980210<br \/><a href=\"mailto:mail@freundeskreis-charite.de\">mail@freundeskreis-charite.de<\/a><br \/>www.freundeskreis-charite.de<\/p>\n<p id=\"yui_3_17_2_1_1530276181445_136\">Vorsitzender: Daniel Ralf Schmitz<br \/>Vereinsregister-Nr: VR 33132<br \/>beim Amtsgericht Berlin-Charlottenburg,<br \/>als gemeinn\u00fctziger Verein anerkannt<br \/>Steuer-Nr. 27\/653\/57182<\/p>\n<p><strong>Redaktion<\/strong><br \/>Daniel Ralf Schmitz<\/p>\n<p><strong>Bildnachweise<\/strong><\/p>\n<p>Charit\u00e9 | Wiebke Peitz<br \/>BAVARIA LUFTBILD VERLAGS GMBH<\/p>\n<p><strong>Urheberrechte<\/strong><\/p>\n<p>Alle Texte, Bilder, Grafiken, Ton-, Video- und Animationsdateien sowie deren Anordnung auf dieser Website unterliegen dem Urheberrecht und anderen Gesetzen zum Schutz geistigen Eigentums. Sie d\u00fcrfen weder f\u00fcr kommerzielle Zwecke oder zur Weitergabe kopiert, ver\u00e4ndert und auf anderen Websites verwendet werden. Fotonachweise (bis auf anderweitig gekennzeichnete Fotos): Freundeskreis der Charit\u00e9 e.V.; Charit\u00e9 \u2013 Universit\u00e4tsmedizin Berlin.<\/p>\n<p><strong>Haftung<\/strong><br \/>Der Freundeskreis der Charit\u00e9 e.V schlie\u00dft jegliche Haftung f\u00fcr Sch\u00e4den, die direkt oder indirekt aus der Benutzung dieser Website entstehen, aus, soweit diese nicht auf Vorsatz oder grober Fahrl\u00e4ssigkeit des Freundeskreises der Charit\u00e9 beruhen. Trotz sorgf\u00e4ltiger inhaltlicher Kontrolle \u00fcbernehmen wir keine Haftung f\u00fcr die Inhalte externer Links. F\u00fcr den Inhalt der verlinkten Seiten sind ausschlie\u00dflich deren Betreiber verantwortlich.<\/p>\n<\/div><\/div><\/div><\/div><\/div><\/p>\n","protected":false},"excerpt":{"rendered":"","protected":false},"author":1,"featured_media":0,"parent":0,"menu_order":0,"comment_status":"closed","ping_status":"closed","template":"100-width.php","meta":{"footnotes":""},"class_list":["post-73","page","type-page","status-publish","hentry"],"_links":{"self":[{"href":"https:\/\/freundeskreis-charite.de\/en\/wp-json\/wp\/v2\/pages\/73","targetHints":{"allow":["GET"]}}],"collection":[{"href":"https:\/\/freundeskreis-charite.de\/en\/wp-json\/wp\/v2\/pages"}],"about":[{"href":"https:\/\/freundeskreis-charite.de\/en\/wp-json\/wp\/v2\/types\/page"}],"author":[{"embeddable":true,"href":"https:\/\/freundeskreis-charite.de\/en\/wp-json\/wp\/v2\/users\/1"}],"replies":[{"embeddable":true,"href":"https:\/\/freundeskreis-charite.de\/en\/wp-json\/wp\/v2\/comments?post=73"}],"version-history":[{"count":10,"href":"https:\/\/freundeskreis-charite.de\/en\/wp-json\/wp\/v2\/pages\/73\/revisions"}],"predecessor-version":[{"id":628,"href":"https:\/\/freundeskreis-charite.de\/en\/wp-json\/wp\/v2\/pages\/73\/revisions\/628"}],"wp:attachment":[{"href":"https:\/\/freundeskreis-charite.de\/en\/wp-json\/wp\/v2\/media?parent=73"}],"curies":[{"name":"wp","href":"https:\/\/api.w.org\/{rel}","templated":true}]}}