{"id":452,"date":"2024-08-01T14:26:00","date_gmt":"2024-08-01T12:26:00","guid":{"rendered":"https:\/\/freundeskreis-charite.de\/en\/?page_id=452"},"modified":"2025-06-10T15:48:42","modified_gmt":"2025-06-10T13:48:42","slug":"what-we-do","status":"publish","type":"page","link":"https:\/\/freundeskreis-charite.de\/en\/what-we-do\/","title":{"rendered":"What we do"},"content":{"rendered":"<p><div class=\"fusion-fullwidth fullwidth-box fusion-builder-row-1 fusion-flex-container has-pattern-background has-mask-background fusion-parallax-none nonhundred-percent-fullwidth non-hundred-percent-height-scrolling lazyload\" style=\"--awb-background-position:center top;--awb-border-radius-top-left:0px;--awb-border-radius-top-right:0px;--awb-border-radius-bottom-right:0px;--awb-border-radius-bottom-left:0px;--awb-min-height:600px;--awb-background-size:cover;--awb-flex-wrap:wrap;\" data-bg=\"https:\/\/freundeskreis-charite.de\/en\/wp-content\/uploads\/2024\/08\/Campus-Charite-Mitte-\u2013-Luftbild-ID-1103-BAVARIA-LUFTBILD-VERLAGS-GMBH-scaled.jpg\" ><div class=\"fusion-builder-row fusion-row fusion-flex-align-items-flex-start fusion-flex-content-wrap\" style=\"max-width:1383.2px;margin-left: calc(-4% \/ 2 );margin-right: calc(-4% \/ 2 );\"><div class=\"fusion-layout-column fusion_builder_column fusion-builder-column-0 fusion_builder_column_1_2 1_2 fusion-flex-column fusion-flex-align-self-flex-end fusion-animated\" style=\"--awb-padding-top:20px;--awb-padding-right:20px;--awb-padding-bottom:20px;--awb-padding-left:20px;--awb-bg-color:rgba(39,91,167,0.65);--awb-bg-color-hover:rgba(39,91,167,0.65);--awb-bg-size:cover;--awb-width-large:50%;--awb-margin-top-large:0px;--awb-spacing-right-large:3.84%;--awb-margin-bottom-large:63px;--awb-spacing-left-large:3.84%;--awb-width-medium:50%;--awb-order-medium:0;--awb-spacing-right-medium:3.84%;--awb-spacing-left-medium:3.84%;--awb-width-small:100%;--awb-order-small:0;--awb-spacing-right-small:1.92%;--awb-spacing-left-small:1.92%;\" data-animationType=\"fadeInUp\" data-animationDuration=\"1.0\" data-animationOffset=\"top-into-view\" data-scroll-devices=\"small-visibility,medium-visibility,large-visibility\"><div class=\"fusion-column-wrapper fusion-column-has-shadow fusion-flex-justify-content-flex-start fusion-content-layout-column\"><div class=\"fusion-text fusion-text-1\" style=\"--awb-text-font-family:&quot;head&quot;;--awb-text-font-style:normal;--awb-text-font-weight:400;\"><p><span style=\"color: #808080;\"><span style=\"font-size: 41px; color: #ffffff;\" data-fusion-font=\"true\"><span style=\"font-size: 40px; line-height: 52px;\" data-fusion-font=\"true\">Research, Healing and Teaching <\/span><br \/>\n<span style=\"font-size: 40px; line-height: 52px;\" data-fusion-font=\"true\">need <\/span><\/span><strong style=\"font-size: 40px; color: #ffffff; line-height: 52px;\" data-fusion-font=\"true\">Friends<\/strong><\/span><\/p>\n<\/div><\/div><\/div><\/div><\/div><div id=\"about\" class=\"fusion-container-anchor\"><div class=\"fusion-fullwidth fullwidth-box fusion-builder-row-2 fusion-flex-container has-pattern-background has-mask-background nonhundred-percent-fullwidth non-hundred-percent-height-scrolling\" style=\"--awb-border-radius-top-left:0px;--awb-border-radius-top-right:0px;--awb-border-radius-bottom-right:0px;--awb-border-radius-bottom-left:0px;--awb-flex-wrap:wrap;\" ><div class=\"fusion-builder-row fusion-row fusion-flex-align-items-flex-start fusion-flex-content-wrap\" style=\"max-width:1383.2px;margin-left: calc(-4% \/ 2 );margin-right: calc(-4% \/ 2 );\"><div class=\"fusion-layout-column fusion_builder_column fusion-builder-column-1 fusion_builder_column_1_1 1_1 fusion-flex-column\" style=\"--awb-bg-size:cover;--awb-width-large:100%;--awb-margin-top-large:60px;--awb-spacing-right-large:1.92%;--awb-margin-bottom-large:90px;--awb-spacing-left-large:1.92%;--awb-width-medium:100%;--awb-order-medium:0;--awb-spacing-right-medium:1.92%;--awb-spacing-left-medium:1.92%;--awb-width-small:100%;--awb-order-small:0;--awb-spacing-right-small:1.92%;--awb-spacing-left-small:1.92%;\" data-scroll-devices=\"small-visibility,medium-visibility,large-visibility\"><div class=\"fusion-column-wrapper fusion-column-has-shadow fusion-flex-justify-content-flex-start fusion-content-layout-column\"><div class=\"fusion-text fusion-text-2 fusion-animated\" data-animationType=\"fadeInDown\" data-animationDuration=\"1.0\" data-animationOffset=\"top-into-view\"><h1 class=\"fusion-responsive-typography-calculated\" style=\"--fontsize: 52.2; line-height: 1.15;\" data-fontsize=\"52.2\" data-lineheight=\"60.0333px\">WHAT WE DO<\/h1>\n<\/div><div class=\"fusion-separator fusion-full-width-sep\" style=\"align-self: center;margin-left: auto;margin-right: auto;margin-top:60px;width:100%;\"><\/div><div class=\"fusion-text fusion-text-3 fusion-animated\" data-animationType=\"fadeInUp\" data-animationDuration=\"1.0\" data-animationDelay=\"0.3\" data-animationOffset=\"top-into-view\"><p>The Friends of the Charit\u00e9 are passionate about supporting the Charit\u00e9-Universit\u00e4tsmedizin Berlin. Our commitment is aimed at improving patient care, promoting innovative projects and supporting the needs of those who work for the well-being of patients on a daily basis.<\/p>\n<p>We specifically support projects that contribute to better patient care. These include the purchase of modern medical equipment, support for research projects and the funding of further education and training for medical staff.<\/p>\n<p>Some of these projects include<\/p>\n<div class=\"fusion-separator fusion-full-width-sep\" style=\"align-self: center;margin-left: auto;margin-right: auto;margin-top:30px;width:100%;\"><\/div>\n<h4>THE CHARIT\u00c9 PATIENT AWARDS<\/h4>\n<p>For many years, the Friends of the Charit\u00e9 have presented the prestigious Patient Awards to recognize outstanding achievements in healthcare. These special awards are based on the results of comprehensive patient surveys and internal evaluation criteria. Each year, three wards are selected whose staff have shown exceptional commitment and outstanding patient care.<\/p>\n<p>The award-winning wards do not only receive the coveted award, but also vouchers for a team event of their choice as additional recognition. These events offer the teams the opportunity to celebrate their outstanding work and further strengthen their team spirit. The Friends of the Charit\u00e9 are proud to recognize the important work of employees through these awards and to reward their continuous efforts to provide excellent patient care.<\/p>\n<div class=\"fusion-separator fusion-full-width-sep\" style=\"align-self: center;margin-left: auto;margin-right: auto;margin-top:30px;width:100%;\"><\/div>\n<h4>SUPPORT FOR THE FAMILY DEPARTMENT<\/h4>\n<p>We support the Charit\u00e9&#8217;s Family Unit in order to facilitate a better work-life balance. This includes childcare projects and other measures to help employees reconcile their family commitments with their career.<\/p>\n<div class=\"fusion-separator fusion-full-width-sep\" style=\"align-self: center;margin-left: auto;margin-right: auto;margin-top:30px;width:100%;\"><\/div>\n<h4>COMMITMENT TO THE CHILDHOOD-HAUS BERLIN<\/h4>\n<p>For several years, the Freundeskreis der Charit\u00e9 e.V. has been supporting the Childhood-Haus Berlin, a central point of contact for children and young people who have been victims of sexual abuse or severe physical violence. The Childhood-Haus provides interdisciplinary care and legal case assessment in instances where a police report has already been filed.<\/p>\n<p>Based on the Scandinavian &#8220;Barnahus&#8221; model, the Childhood-Haus brings together professionals from medicine, youth welfare services, the police, and the judiciary under one roof. Its aim is to provide the best possible protection for affected children and young people, prevent re-traumatisation during forensic interviews, and ensure access to their rights in a safe, child-friendly environment\u2014in line with the UN Convention on the Rights of the Child.<\/p>\n<p>The Childhood-Haus Berlin strengthens the child safeguarding network in the capital and was established under the auspices of Charit\u00e9 \u2013 Universit\u00e4tsmedizin Berlin, in collaboration with the World Childhood Foundation. The initiative also receives significant support from the Senate Department for Justice and Consumer Protection and the Senate Department for Education, Youth and Family.<\/p>\n<p>Through our support, we help ensure that affected children and young people receive the best possible care and assistance.<\/p>\n<div class=\"fusion-separator fusion-full-width-sep\" style=\"align-self: center;margin-left: auto;margin-right: auto;margin-top:30px;width:100%;\"><\/div>\n<h4>THE CHARIT\u00c9 VOLUNTARY VISITING SERVICE<\/h4>\n<p>Imagine you suddenly had to go into hospital &#8211; perhaps even in a foreign city. Who would be there to talk to you, keep you company or help you with small errands?<\/p>\n<p>Under the motto \u2018I have time for you\u2019, the volunteers of the Charit\u00e9 Volunteer Visiting Service are committed to the three hospital sites in Mitte, Wedding and Steglitz. They not only offer practical support such as shopping, correspondence and telephone calls, but also go for walks with patients, read to them and have empathetic conversations.<\/p>\n<div class=\"fusion-separator fusion-full-width-sep\" style=\"align-self: center;margin-left: auto;margin-right: auto;margin-top:30px;width:100%;\"><\/div>\n<h4>CONTACT THE VISITING SERVICE<\/h4>\n<p>Visiting Service Campus Benjamin Franklin,<br \/>\nVisiting Service Campus Mitte,<br \/>\nVisiting Service Campus Virchow<\/p>\n<p>Contact person: Cindy Stoklossa<\/p>\n<p style=\"text-align: left;\">Mail: <a href=\"mailto:ehrenamtlicher-besuchsdienst@charite.de\">ehrenamtlicher-besuchsdienst@charite.de<\/a><\/p>\n<p style=\"text-align: left;\">Phone: +49 30 450 571071<\/p>\n<div class=\"fusion-separator fusion-full-width-sep\" style=\"align-self: center;margin-left: auto;margin-right: auto;margin-top:50px;width:100%;\"><\/div>\n<p><strong>We are grateful and happy to be able to support this important project. It enables us to make a contribution to ensuring that patients receive not only medical but also emotional care during their hospitalisation.<\/strong><\/p>\n<\/div><div class=\"fusion-separator fusion-full-width-sep\" style=\"align-self: center;margin-left: auto;margin-right: auto;margin-top:30px;width:100%;\"><\/div><div class=\"fusion-text fusion-text-4 fusion-animated\" data-animationType=\"fadeInUp\" data-animationDuration=\"1.0\" data-animationDelay=\"0.3\" data-animationOffset=\"top-into-view\"><p>Would you like to find out more about our projects? Here you can find our annual reports from the last few years: (unfortunately only in German)<\/p>\n<\/div><div class=\"fusion-builder-row fusion-builder-row-inner fusion-row fusion-flex-align-items-flex-start fusion-flex-content-wrap\" style=\"width:104% !important;max-width:104% !important;margin-left: calc(-4% \/ 2 );margin-right: calc(-4% \/ 2 );\"><div class=\"fusion-layout-column fusion_builder_column_inner fusion-builder-nested-column-0 fusion_builder_column_inner_1_4 1_4 fusion-flex-column\" style=\"--awb-bg-size:cover;--awb-width-large:25%;--awb-margin-top-large:0px;--awb-spacing-right-large:7.68%;--awb-margin-bottom-large:20px;--awb-spacing-left-large:7.68%;--awb-width-medium:25%;--awb-order-medium:0;--awb-spacing-right-medium:7.68%;--awb-spacing-left-medium:7.68%;--awb-width-small:100%;--awb-order-small:0;--awb-spacing-right-small:1.92%;--awb-spacing-left-small:1.92%;\"><div class=\"fusion-column-wrapper fusion-column-has-shadow fusion-flex-justify-content-flex-start fusion-content-layout-column\"><div class=\"fusion-image-element \" style=\"text-align:center;--awb-liftup-border-radius:0px;--awb-caption-title-font-family:var(--h2_typography-font-family);--awb-caption-title-font-weight:var(--h2_typography-font-weight);--awb-caption-title-font-style:var(--h2_typography-font-style);--awb-caption-title-size:var(--h2_typography-font-size);--awb-caption-title-transform:var(--h2_typography-text-transform);--awb-caption-title-line-height:var(--h2_typography-line-height);--awb-caption-title-letter-spacing:var(--h2_typography-letter-spacing);\"><div class=\"awb-image-frame awb-image-frame-1 imageframe-liftup fusion-animated\" data-animationType=\"fadeIn\" data-animationDuration=\"1.0\" data-animationOffset=\"top-into-view\"><span class=\" fusion-imageframe imageframe-none imageframe-1\"><a class=\"fusion-no-lightbox\" href=\"\/wp-content\/uploads\/2024\/08\/Charite_Jahresbericht2020_digital.pdf\" target=\"_blank\" aria-label=\"2020\" rel=\"noopener noreferrer\"><img decoding=\"async\" width=\"425\" height=\"803\" src=\"https:\/\/freundeskreis-charite.de\/en\/wp-content\/uploads\/2024\/08\/2020.jpg\" data-orig-src=\"https:\/\/freundeskreis-charite.de\/en\/wp-content\/uploads\/2024\/08\/2020.jpg\" alt class=\"lazyload img-responsive wp-image-577\" srcset=\"data:image\/svg+xml,%3Csvg%20xmlns%3D%27http%3A%2F%2Fwww.w3.org%2F2000%2Fsvg%27%20width%3D%27425%27%20height%3D%27803%27%20viewBox%3D%270%200%20425%20803%27%3E%3Crect%20width%3D%27425%27%20height%3D%27803%27%20fill-opacity%3D%220%22%2F%3E%3C%2Fsvg%3E\" data-srcset=\"https:\/\/freundeskreis-charite.de\/en\/wp-content\/uploads\/2024\/08\/2020-200x378.jpg 200w, https:\/\/freundeskreis-charite.de\/en\/wp-content\/uploads\/2024\/08\/2020-400x756.jpg 400w, https:\/\/freundeskreis-charite.de\/en\/wp-content\/uploads\/2024\/08\/2020.jpg 425w\" data-sizes=\"auto\" data-orig-sizes=\"(max-width: 640px) 100vw, 400px\" \/><\/a><\/span><\/div><\/div><\/div><\/div><div class=\"fusion-layout-column fusion_builder_column_inner fusion-builder-nested-column-1 fusion_builder_column_inner_1_4 1_4 fusion-flex-column\" style=\"--awb-bg-size:cover;--awb-width-large:25%;--awb-margin-top-large:0px;--awb-spacing-right-large:7.68%;--awb-margin-bottom-large:20px;--awb-spacing-left-large:7.68%;--awb-width-medium:25%;--awb-order-medium:0;--awb-spacing-right-medium:7.68%;--awb-spacing-left-medium:7.68%;--awb-width-small:100%;--awb-order-small:0;--awb-spacing-right-small:1.92%;--awb-spacing-left-small:1.92%;\"><div class=\"fusion-column-wrapper fusion-column-has-shadow fusion-flex-justify-content-flex-start fusion-content-layout-column\"><div class=\"fusion-image-element \" style=\"text-align:center;--awb-liftup-border-radius:0px;--awb-caption-title-font-family:var(--h2_typography-font-family);--awb-caption-title-font-weight:var(--h2_typography-font-weight);--awb-caption-title-font-style:var(--h2_typography-font-style);--awb-caption-title-size:var(--h2_typography-font-size);--awb-caption-title-transform:var(--h2_typography-text-transform);--awb-caption-title-line-height:var(--h2_typography-line-height);--awb-caption-title-letter-spacing:var(--h2_typography-letter-spacing);\"><div class=\"awb-image-frame awb-image-frame-2 imageframe-liftup fusion-animated\" data-animationType=\"fadeIn\" data-animationDuration=\"1.0\" data-animationOffset=\"top-into-view\"><span class=\" fusion-imageframe imageframe-none imageframe-2\"><a class=\"fusion-no-lightbox\" href=\"\/wp-content\/uploads\/2024\/08\/Charite_Jahresbericht2021_fin.pdf\" target=\"_blank\" aria-label=\"2021\" rel=\"noopener noreferrer\"><img decoding=\"async\" width=\"425\" height=\"803\" src=\"https:\/\/freundeskreis-charite.de\/en\/wp-content\/uploads\/2024\/08\/2021.jpg\" data-orig-src=\"https:\/\/freundeskreis-charite.de\/en\/wp-content\/uploads\/2024\/08\/2021.jpg\" alt class=\"lazyload img-responsive wp-image-578\" srcset=\"data:image\/svg+xml,%3Csvg%20xmlns%3D%27http%3A%2F%2Fwww.w3.org%2F2000%2Fsvg%27%20width%3D%27425%27%20height%3D%27803%27%20viewBox%3D%270%200%20425%20803%27%3E%3Crect%20width%3D%27425%27%20height%3D%27803%27%20fill-opacity%3D%220%22%2F%3E%3C%2Fsvg%3E\" data-srcset=\"https:\/\/freundeskreis-charite.de\/en\/wp-content\/uploads\/2024\/08\/2021-200x378.jpg 200w, https:\/\/freundeskreis-charite.de\/en\/wp-content\/uploads\/2024\/08\/2021-400x756.jpg 400w, https:\/\/freundeskreis-charite.de\/en\/wp-content\/uploads\/2024\/08\/2021.jpg 425w\" data-sizes=\"auto\" data-orig-sizes=\"(max-width: 640px) 100vw, 400px\" \/><\/a><\/span><\/div><\/div><\/div><\/div><div class=\"fusion-layout-column fusion_builder_column_inner fusion-builder-nested-column-2 fusion_builder_column_inner_1_4 1_4 fusion-flex-column\" style=\"--awb-bg-size:cover;--awb-width-large:25%;--awb-margin-top-large:0px;--awb-spacing-right-large:7.68%;--awb-margin-bottom-large:20px;--awb-spacing-left-large:7.68%;--awb-width-medium:25%;--awb-order-medium:0;--awb-spacing-right-medium:7.68%;--awb-spacing-left-medium:7.68%;--awb-width-small:100%;--awb-order-small:0;--awb-spacing-right-small:1.92%;--awb-spacing-left-small:1.92%;\"><div class=\"fusion-column-wrapper fusion-column-has-shadow fusion-flex-justify-content-flex-start fusion-content-layout-column\"><div class=\"fusion-image-element \" style=\"text-align:center;--awb-liftup-border-radius:0px;--awb-caption-title-font-family:var(--h2_typography-font-family);--awb-caption-title-font-weight:var(--h2_typography-font-weight);--awb-caption-title-font-style:var(--h2_typography-font-style);--awb-caption-title-size:var(--h2_typography-font-size);--awb-caption-title-transform:var(--h2_typography-text-transform);--awb-caption-title-line-height:var(--h2_typography-line-height);--awb-caption-title-letter-spacing:var(--h2_typography-letter-spacing);\"><div class=\"awb-image-frame awb-image-frame-3 imageframe-liftup fusion-animated\" data-animationType=\"fadeIn\" data-animationDuration=\"1.0\" data-animationOffset=\"top-into-view\"><span class=\" fusion-imageframe imageframe-none imageframe-3\"><a class=\"fusion-no-lightbox\" href=\"\/wp-content\/uploads\/2024\/08\/Charite_Jahresbericht2022_mail.pdf\" target=\"_blank\" aria-label=\"2022\" rel=\"noopener noreferrer\"><img decoding=\"async\" width=\"425\" height=\"803\" src=\"https:\/\/freundeskreis-charite.de\/en\/wp-content\/uploads\/2024\/08\/2022.jpg\" data-orig-src=\"https:\/\/freundeskreis-charite.de\/en\/wp-content\/uploads\/2024\/08\/2022.jpg\" alt class=\"lazyload img-responsive wp-image-579\" srcset=\"data:image\/svg+xml,%3Csvg%20xmlns%3D%27http%3A%2F%2Fwww.w3.org%2F2000%2Fsvg%27%20width%3D%27425%27%20height%3D%27803%27%20viewBox%3D%270%200%20425%20803%27%3E%3Crect%20width%3D%27425%27%20height%3D%27803%27%20fill-opacity%3D%220%22%2F%3E%3C%2Fsvg%3E\" data-srcset=\"https:\/\/freundeskreis-charite.de\/en\/wp-content\/uploads\/2024\/08\/2022-200x378.jpg 200w, https:\/\/freundeskreis-charite.de\/en\/wp-content\/uploads\/2024\/08\/2022-400x756.jpg 400w, https:\/\/freundeskreis-charite.de\/en\/wp-content\/uploads\/2024\/08\/2022.jpg 425w\" data-sizes=\"auto\" data-orig-sizes=\"(max-width: 640px) 100vw, 400px\" \/><\/a><\/span><\/div><\/div><\/div><\/div><div class=\"fusion-layout-column fusion_builder_column_inner fusion-builder-nested-column-3 fusion_builder_column_inner_1_4 1_4 fusion-flex-column\" style=\"--awb-bg-size:cover;--awb-width-large:25%;--awb-margin-top-large:0px;--awb-spacing-right-large:7.68%;--awb-margin-bottom-large:20px;--awb-spacing-left-large:7.68%;--awb-width-medium:25%;--awb-order-medium:0;--awb-spacing-right-medium:7.68%;--awb-spacing-left-medium:7.68%;--awb-width-small:100%;--awb-order-small:0;--awb-spacing-right-small:1.92%;--awb-spacing-left-small:1.92%;\"><div class=\"fusion-column-wrapper fusion-column-has-shadow fusion-flex-justify-content-flex-start fusion-content-layout-column\"><div class=\"fusion-image-element \" style=\"text-align:center;--awb-liftup-border-radius:0px;--awb-caption-title-font-family:var(--h2_typography-font-family);--awb-caption-title-font-weight:var(--h2_typography-font-weight);--awb-caption-title-font-style:var(--h2_typography-font-style);--awb-caption-title-size:var(--h2_typography-font-size);--awb-caption-title-transform:var(--h2_typography-text-transform);--awb-caption-title-line-height:var(--h2_typography-line-height);--awb-caption-title-letter-spacing:var(--h2_typography-letter-spacing);\"><div class=\"awb-image-frame awb-image-frame-4 imageframe-liftup fusion-animated\" data-animationType=\"fadeIn\" data-animationDuration=\"1.0\" data-animationOffset=\"top-into-view\"><span class=\" fusion-imageframe imageframe-none imageframe-4\"><a class=\"fusion-no-lightbox\" href=\"\/wp-content\/uploads\/2024\/08\/Charite_Jahresbericht2023-20240523-Ansicht.pdf\" target=\"_blank\" aria-label=\"2023\" rel=\"noopener noreferrer\"><img decoding=\"async\" width=\"425\" height=\"803\" src=\"https:\/\/freundeskreis-charite.de\/en\/wp-content\/uploads\/2024\/08\/2023.jpg\" data-orig-src=\"https:\/\/freundeskreis-charite.de\/en\/wp-content\/uploads\/2024\/08\/2023.jpg\" alt class=\"lazyload img-responsive wp-image-580\" srcset=\"data:image\/svg+xml,%3Csvg%20xmlns%3D%27http%3A%2F%2Fwww.w3.org%2F2000%2Fsvg%27%20width%3D%27425%27%20height%3D%27803%27%20viewBox%3D%270%200%20425%20803%27%3E%3Crect%20width%3D%27425%27%20height%3D%27803%27%20fill-opacity%3D%220%22%2F%3E%3C%2Fsvg%3E\" data-srcset=\"https:\/\/freundeskreis-charite.de\/en\/wp-content\/uploads\/2024\/08\/2023-200x378.jpg 200w, https:\/\/freundeskreis-charite.de\/en\/wp-content\/uploads\/2024\/08\/2023-400x756.jpg 400w, https:\/\/freundeskreis-charite.de\/en\/wp-content\/uploads\/2024\/08\/2023.jpg 425w\" data-sizes=\"auto\" data-orig-sizes=\"(max-width: 640px) 100vw, 400px\" \/><\/a><\/span><\/div><\/div><\/div><\/div><div class=\"fusion-layout-column fusion_builder_column_inner fusion-builder-nested-column-4 fusion_builder_column_inner_1_4 1_4 fusion-flex-column\" style=\"--awb-bg-size:cover;--awb-width-large:25%;--awb-margin-top-large:40px;--awb-spacing-right-large:7.68%;--awb-margin-bottom-large:20px;--awb-spacing-left-large:7.68%;--awb-width-medium:25%;--awb-order-medium:0;--awb-spacing-right-medium:7.68%;--awb-spacing-left-medium:7.68%;--awb-width-small:100%;--awb-order-small:0;--awb-spacing-right-small:1.92%;--awb-spacing-left-small:1.92%;\" data-scroll-devices=\"small-visibility,medium-visibility,large-visibility\"><div class=\"fusion-column-wrapper fusion-column-has-shadow fusion-flex-justify-content-flex-start fusion-content-layout-column\"><div class=\"fusion-image-element \" style=\"text-align:center;--awb-liftup-border-radius:0px;--awb-caption-title-font-family:var(--h2_typography-font-family);--awb-caption-title-font-weight:var(--h2_typography-font-weight);--awb-caption-title-font-style:var(--h2_typography-font-style);--awb-caption-title-size:var(--h2_typography-font-size);--awb-caption-title-transform:var(--h2_typography-text-transform);--awb-caption-title-line-height:var(--h2_typography-line-height);--awb-caption-title-letter-spacing:var(--h2_typography-letter-spacing);\"><div class=\"awb-image-frame awb-image-frame-5 imageframe-liftup fusion-animated\" data-animationType=\"fadeIn\" data-animationDuration=\"1.0\" data-animationOffset=\"top-into-view\"><span class=\" fusion-imageframe imageframe-none imageframe-5\"><a class=\"fusion-no-lightbox\" href=\"https:\/\/freundeskreis-charite.de\/en\/wp-content\/uploads\/2025\/06\/jahresbericht_2024_5.pdf\" target=\"_blank\" aria-label=\"2024_head\" rel=\"noopener noreferrer\"><img decoding=\"async\" width=\"425\" height=\"803\" src=\"https:\/\/freundeskreis-charite.de\/en\/wp-content\/uploads\/2025\/06\/2024_head.jpg\" data-orig-src=\"https:\/\/freundeskreis-charite.de\/en\/wp-content\/uploads\/2025\/06\/2024_head.jpg\" alt class=\"lazyload img-responsive wp-image-688\" srcset=\"data:image\/svg+xml,%3Csvg%20xmlns%3D%27http%3A%2F%2Fwww.w3.org%2F2000%2Fsvg%27%20width%3D%27425%27%20height%3D%27803%27%20viewBox%3D%270%200%20425%20803%27%3E%3Crect%20width%3D%27425%27%20height%3D%27803%27%20fill-opacity%3D%220%22%2F%3E%3C%2Fsvg%3E\" data-srcset=\"https:\/\/freundeskreis-charite.de\/en\/wp-content\/uploads\/2025\/06\/2024_head-200x378.jpg 200w, https:\/\/freundeskreis-charite.de\/en\/wp-content\/uploads\/2025\/06\/2024_head-400x756.jpg 400w, https:\/\/freundeskreis-charite.de\/en\/wp-content\/uploads\/2025\/06\/2024_head.jpg 425w\" data-sizes=\"auto\" data-orig-sizes=\"(max-width: 640px) 100vw, 400px\" \/><\/a><\/span><\/div><\/div><\/div><\/div><\/div><\/div><\/div><\/div><\/div><\/div><\/p>\n","protected":false},"excerpt":{"rendered":"","protected":false},"author":1,"featured_media":0,"parent":0,"menu_order":0,"comment_status":"closed","ping_status":"closed","template":"100-width.php","meta":{"footnotes":""},"class_list":["post-452","page","type-page","status-publish","hentry"],"_links":{"self":[{"href":"https:\/\/freundeskreis-charite.de\/en\/wp-json\/wp\/v2\/pages\/452","targetHints":{"allow":["GET"]}}],"collection":[{"href":"https:\/\/freundeskreis-charite.de\/en\/wp-json\/wp\/v2\/pages"}],"about":[{"href":"https:\/\/freundeskreis-charite.de\/en\/wp-json\/wp\/v2\/types\/page"}],"author":[{"embeddable":true,"href":"https:\/\/freundeskreis-charite.de\/en\/wp-json\/wp\/v2\/users\/1"}],"replies":[{"embeddable":true,"href":"https:\/\/freundeskreis-charite.de\/en\/wp-json\/wp\/v2\/comments?post=452"}],"version-history":[{"count":11,"href":"https:\/\/freundeskreis-charite.de\/en\/wp-json\/wp\/v2\/pages\/452\/revisions"}],"predecessor-version":[{"id":689,"href":"https:\/\/freundeskreis-charite.de\/en\/wp-json\/wp\/v2\/pages\/452\/revisions\/689"}],"wp:attachment":[{"href":"https:\/\/freundeskreis-charite.de\/en\/wp-json\/wp\/v2\/media?parent=452"}],"curies":[{"name":"wp","href":"https:\/\/api.w.org\/{rel}","templated":true}]}}